 {"id":17644,"date":"2017-08-16T11:10:54","date_gmt":"2017-08-16T11:10:54","guid":{"rendered":"http:\/\/www.yanyana.biz\/iletisim\/"},"modified":"2020-09-10T12:09:03","modified_gmt":"2020-09-10T09:09:03","slug":"iletisim","status":"publish","type":"page","link":"https:\/\/www.yanyana.biz\/ar\/iletisim\/","title":{"rendered":"\u0627\u0644\u062a\u0648\u0627\u0635\u0644"},"content":{"rendered":"[vc_row][vc_column][vc_empty_space]<div class=\"vcex-module vcex-heading vcex-heading-bottom-border-w-color\" style=\"font-family:&quot;Montserrat&quot;;text-align:right;\"><span class=\"vcex-heading-inner clr\">\u0627\u0644\u062a\u0648\u0627\u0635\u0644<\/span><\/div>[\/vc_column][\/vc_row][vc_row][vc_column][vc_gmaps link=&#8221;#E-8_JTNDaWZyYW1lJTIwc3JjJTNEJTIyaHR0cHMlM0ElMkYlMkZ3d3cuZ29vZ2xlLmNvbSUyRm1hcHMlMkZlbWJlZCUzRnBiJTNEJTIxMW0xOCUyMTFtMTIlMjExbTMlMjExZDc1Mi45MDMwMjQ2Nzg1MDgxJTIxMmQyOS4wMjY4MTAwNTAxNzI2OTYlMjEzZDQwLjk4OTk3NDA1NDAwNDg1JTIxMm0zJTIxMWYwJTIxMmYwJTIxM2YwJTIxM20yJTIxMWkxMDI0JTIxMmk3NjglMjE0ZjEzLjElMjEzbTMlMjExbTIlMjExczB4MTRjYWI4NjYxOGRjY2VkZCUyNTNBMHhjMmJmZWJiNDM0YTE2NGQ5JTIxMnpSR1YwWVhrZ3hMREZueUJJWVc3RXNRJTIxNWUwJTIxM20yJTIxMXN0ciUyMTJzdHIlMjE0djE1OTQ4NTkzODc1NTIlMjE1bTIlMjExc3RyJTIxMnN0ciUyMiUyMHdpZHRoJTNEJTIyNjAwJTIyJTIwaGVpZ2h0JTNEJTIyNDUwJTIyJTIwZnJhbWVib3JkZXIlM0QlMjIwJTIyJTIwc3R5bGUlM0QlMjJib3JkZXIlM0EwJTNCJTIyJTIwYWxsb3dmdWxsc2NyZWVuJTNEJTIyJTIyJTIwYXJpYS1oaWRkZW4lM0QlMjJmYWxzZSUyMiUyMHRhYmluZGV4JTNEJTIyMCUyMiUzRSUzQyUyRmlmcmFtZSUzRQ==&#8221; title=&#8221;Birey ve Toplum Ruh Sa\u011fl\u0131\u011f\u0131nda \u0130Z Derne\u011fi &#8211; Bir \u0130Z&#8221;][vc_empty_space][vc_column_text font_family=&#8221;Montserrat&#8221;]<span style=\"font-size: 14px;\"><strong>Address:<\/strong> Osmana\u011fa Mah. Kazasker Sok. Detay \u0130\u015f Han\u0131, 8\/9 \u0130stanbul, T\u00fcrkiye<\/span>[\/vc_column_text][\/vc_column][\/vc_row][vc_row][vc_column width=&#8221;2\/3&#8243;]<div class=\"vcex-module vcex-heading vcex-heading-bottom-border-w-color\" style=\"font-family:&quot;Montserrat&quot;;text-align:right;\"><span class=\"vcex-heading-inner clr\">\u0627\u0633\u062a\u0645\u0627\u0631\u0629 \u0627\u0644\u062a\u0648\u0627\u0635\u0644<\/span><\/div>[vc_empty_space]<div role=\"form\" class=\"wpcf7\" id=\"wpcf7-f17647-o1\" lang=\"tr-TR\" dir=\"ltr\">\n<div class=\"screen-reader-response\" role=\"alert\" aria-live=\"polite\"><\/div>\n<form action=\"\/ar\/wp-json\/wp\/v2\/pages\/17644#wpcf7-f17647-o1\" method=\"post\" class=\"wpcf7-form init\" novalidate=\"novalidate\">\n<div style=\"display: none;\">\n<input type=\"hidden\" name=\"_wpcf7\" value=\"17647\" \/>\n<input type=\"hidden\" name=\"_wpcf7_version\" value=\"5.2.2\" \/>\n<input type=\"hidden\" name=\"_wpcf7_locale\" value=\"tr_TR\" \/>\n<input type=\"hidden\" name=\"_wpcf7_unit_tag\" value=\"wpcf7-f17647-o1\" \/>\n<input type=\"hidden\" name=\"_wpcf7_container_post\" value=\"0\" \/>\n<input type=\"hidden\" name=\"_wpcf7_posted_data_hash\" value=\"\" \/>\n<\/div>\n<p><label> (\u0627\u0633\u0645\u0643\u0645 (\u0636\u0631\u0648\u0631\u064a<br \/>\n    <span class=\"wpcf7-form-control-wrap your-name\"><input type=\"text\" name=\"your-name\" value=\"\" size=\"40\" class=\"wpcf7-form-control wpcf7-text wpcf7-validates-as-required\" aria-required=\"true\" aria-invalid=\"false\" \/><\/span> <\/label><\/p>\n<p><label> (\u0628\u0631\u064a\u062f\u0643\u0645 \u0627\u0644\u0625\u0644\u0643\u062a\u0631\u0648\u0646\u064a (\u0636\u0631\u0648\u0631\u064a<br \/>\n    <span class=\"wpcf7-form-control-wrap your-email\"><input type=\"email\" name=\"your-email\" value=\"\" size=\"40\" class=\"wpcf7-form-control wpcf7-text wpcf7-email wpcf7-validates-as-required wpcf7-validates-as-email\" aria-required=\"true\" aria-invalid=\"false\" \/><\/span> <\/label><\/p>\n<p><label> \u0627\u0644\u0645\u0648\u0636\u0648\u0639<br \/>\n    <span class=\"wpcf7-form-control-wrap your-subject\"><input type=\"text\" name=\"your-subject\" value=\"\" size=\"40\" class=\"wpcf7-form-control wpcf7-text\" aria-invalid=\"false\" \/><\/span> <\/label><\/p>\n<p><label> \u0645\u0643\u062a\u0648\u0628\u0643\u0645<br \/>\n    <span class=\"wpcf7-form-control-wrap your-message\"><textarea name=\"your-message\" cols=\"40\" rows=\"10\" class=\"wpcf7-form-control wpcf7-textarea\" aria-invalid=\"false\"><\/textarea><\/span> <\/label><\/p>\n<p><input type=\"submit\" value=\"\u0625\u0631\u0633\u0627\u0644\" class=\"wpcf7-form-control wpcf7-submit\" \/><\/p>\n<div class=\"wpcf7-response-output\" role=\"alert\" aria-hidden=\"true\"><\/div><\/form><\/div>[\/vc_column][vc_column width=&#8221;1\/3&#8243;]<div class=\"vcex-module vcex-heading vcex-heading-bottom-border-w-color\" style=\"font-family:&quot;Montserrat&quot;;text-align:right;\"><span class=\"vcex-heading-inner clr\">\u0627\u0644\u0634\u0628\u0643\u0627\u062a \u0627\u0644\u0627\u062c\u062a\u0645\u0627\u0639\u064a\u0629<\/span><\/div>[vc_empty_space]<div class=\"vcex-module vcex-image-grid wpex-row clr grid-style-default\"><div class=\"id-17218 vcex-image-grid-entry span_1_of_4 col col-1\"><figure class=\"vcex-image-grid-entry-figure clr\"><div class=\"vcex-image-grid-entry-img clr\"><a href=\"https:\/\/instagram.com\/birizdernegi\/\" class=\"vcex-image-grid-entry-img\" target=\"_blank\"><img src=\"https:\/\/www.yanyana.biz\/wp-content\/uploads\/2020\/07\/Instagram-50x50.png\" width=\"50\" height=\"50\" alt=\"Instagram\" data-at2x=\"https:\/\/www.yanyana.biz\/wp-content\/uploads\/2020\/07\/Instagram-50x50@2x.png\" \/><\/a><\/div><\/figure><\/div><div class=\"id-17219 vcex-image-grid-entry span_1_of_4 col col-2\"><figure class=\"vcex-image-grid-entry-figure clr\"><div class=\"vcex-image-grid-entry-img clr\"><a href=\"https:\/\/twitter.com\/birizdernegi\" class=\"vcex-image-grid-entry-img\" target=\"_blank\"><img src=\"https:\/\/www.yanyana.biz\/wp-content\/uploads\/2020\/07\/Twitter-50x50.png\" width=\"50\" height=\"50\" alt=\"Twitter\" data-at2x=\"https:\/\/www.yanyana.biz\/wp-content\/uploads\/2020\/07\/Twitter-50x50@2x.png\" \/><\/a><\/div><\/figure><\/div><div class=\"id-17217 vcex-image-grid-entry span_1_of_4 col col-3\"><figure class=\"vcex-image-grid-entry-figure clr\"><div class=\"vcex-image-grid-entry-img clr\"><a href=\"https:\/\/facebook.com\/birizdernegi\" class=\"vcex-image-grid-entry-img\" target=\"_blank\"><img src=\"https:\/\/www.yanyana.biz\/wp-content\/uploads\/2020\/07\/Facebook-50x50.png\" width=\"50\" height=\"50\" alt=\"Facebook\" data-at2x=\"https:\/\/www.yanyana.biz\/wp-content\/uploads\/2020\/07\/Facebook-50x50@2x.png\" \/><\/a><\/div><\/figure><\/div><div class=\"id-17535 vcex-image-grid-entry span_1_of_4 col col-4\"><figure class=\"vcex-image-grid-entry-figure clr\"><div class=\"vcex-image-grid-entry-img clr\"><a href=\"https:\/\/www.youtube.com\/channel\/UCQYkG2vXDUGVsWrbkEkHV-w\" class=\"vcex-image-grid-entry-img\" target=\"_blank\"><img src=\"https:\/\/www.yanyana.biz\/wp-content\/uploads\/2020\/07\/youtube-logo-50x50.png\" width=\"50\" height=\"50\" alt=\"YouTube\" data-at2x=\"https:\/\/www.yanyana.biz\/wp-content\/uploads\/2020\/07\/youtube-logo-50x50@2x.png\" \/><\/a><\/div><\/figure><\/div><\/div>[\/vc_column][\/vc_row]\n","protected":false},"excerpt":{"rendered":"<p>[vc_row][vc_column][vc_empty_space][\/vc_column][\/vc_row][vc_row][vc_column][vc_gmaps link=&#8221;#E-8_JTNDaWZyYW1lJTIwc3JjJTNEJTIyaHR0cHMlM0ElMkYlMkZ3d3cuZ29vZ2xlLmNvbSUyRm1hcHMlMkZlbWJlZCUzRnBiJTNEJTIxMW0xOCUyMTFtMTIlMjExbTMlMjExZDc1Mi45MDMwMjQ2Nzg1MDgxJTIxMmQyOS4wMjY4MTAwNTAxNzI2OTYlMjEzZDQwLjk4OTk3NDA1NDAwNDg1JTIxMm0zJTIxMWYwJTIxMmYwJTIxM2YwJTIxM20yJTIxMWkxMDI0JTIxMmk3NjglMjE0ZjEzLjElMjEzbTMlMjExbTIlMjExczB4MTRjYWI4NjYxOGRjY2VkZCUyNTNBMHhjMmJmZWJiNDM0YTE2NGQ5JTIxMnpSR1YwWVhrZ3hMREZueUJJWVc3RXNRJTIxNWUwJTIxM20yJTIxMXN0ciUyMTJzdHIlMjE0djE1OTQ4NTkzODc1NTIlMjE1bTIlMjExc3RyJTIxMnN0ciUyMiUyMHdpZHRoJTNEJTIyNjAwJTIyJTIwaGVpZ2h0JTNEJTIyNDUwJTIyJTIwZnJhbWVib3JkZXIlM0QlMjIwJTIyJTIwc3R5bGUlM0QlMjJib3JkZXIlM0EwJTNCJTIyJTIwYWxsb3dmdWxsc2NyZWVuJTNEJTIyJTIyJTIwYXJpYS1oaWRkZW4lM0QlMjJmYWxzZSUyMiUyMHRhYmluZGV4JTNEJTIyMCUyMiUzRSUzQyUyRmlmcmFtZSUzRQ==&#8221; title=&#8221;Birey ve Toplum Ruh Sa\u011fl\u0131\u011f\u0131nda \u0130Z Derne\u011fi &#8211; Bir \u0130Z&#8221;][vc_empty_space][vc_column_text font_family=&#8221;Montserrat&#8221;]Address: Osmana\u011fa Mah. Kazasker Sok. Detay \u0130\u015f Han\u0131, 8\/9 \u0130stanbul, T\u00fcrkiye[\/vc_column_text][\/vc_column][\/vc_row][vc_row][vc_column width=&#8221;2\/3&#8243;][vc_empty_space][\/vc_column][vc_column width=&#8221;1\/3&#8243;][vc_empty_space][\/vc_column][\/vc_row]<\/p>\n","protected":false},"author":1,"featured_media":0,"parent":0,"menu_order":0,"comment_status":"closed","ping_status":"closed","template":"","meta":{"footnotes":""},"_links":{"self":[{"href":"https:\/\/www.yanyana.biz\/ar\/wp-json\/wp\/v2\/pages\/17644"}],"collection":[{"href":"https:\/\/www.yanyana.biz\/ar\/wp-json\/wp\/v2\/pages"}],"about":[{"href":"https:\/\/www.yanyana.biz\/ar\/wp-json\/wp\/v2\/types\/page"}],"author":[{"embeddable":true,"href":"https:\/\/www.yanyana.biz\/ar\/wp-json\/wp\/v2\/users\/1"}],"replies":[{"embeddable":true,"href":"https:\/\/www.yanyana.biz\/ar\/wp-json\/wp\/v2\/comments?post=17644"}],"version-history":[{"count":3,"href":"https:\/\/www.yanyana.biz\/ar\/wp-json\/wp\/v2\/pages\/17644\/revisions"}],"predecessor-version":[{"id":17648,"href":"https:\/\/www.yanyana.biz\/ar\/wp-json\/wp\/v2\/pages\/17644\/revisions\/17648"}],"wp:attachment":[{"href":"https:\/\/www.yanyana.biz\/ar\/wp-json\/wp\/v2\/media?parent=17644"}],"curies":[{"name":"wp","href":"https:\/\/api.w.org\/{rel}","templated":true}]}}