 {"id":16519,"date":"2016-04-10T20:54:06","date_gmt":"2016-04-10T20:54:06","guid":{"rendered":"http:\/\/www.yanyana.biz\/anasayfa\/"},"modified":"2018-06-26T21:37:03","modified_gmt":"2018-06-26T21:37:03","slug":"anasayfa","status":"publish","type":"page","link":"https:\/\/www.yanyana.biz\/ar\/anasayfa\/","title":{"rendered":"\u0627\u0644\u0635\u0641\u062d\u0629 \u0627\u0644\u0631\u0626\u064a\u0633\u064a\u0629"},"content":{"rendered":"[vc_row][vc_column][rev_slider alias=&#8221;arapca-slider&#8221;][vc_empty_space][vc_row_inner][vc_column_inner width=&#8221;2\/3&#8243;][\/vc_column_inner][vc_column_inner width=&#8221;1\/3&#8243;][vc_empty_space height=&#8221;60px&#8221;]<div class=\"ult_pricing_table_wrap ult_info_table ult_design_6  ult-cs-custom  \">\n\t\t\t\t\t<div class=\"ult_pricing_table info_min_ht\" style=\"background:#ffffff;color:#686868; min-height:300px;\"><div id=\"Info-table-wrap-7046\" class=\"ult_pricing_heading\" style=\"background:#8bc63e;color:#ffffff;\">\n\t\t\t\t\t\t\t<h3 class=\"ult-responsive\"  data-ultimate-target='#Info-table-wrap-7046 h3'  data-responsive-json-new='{\"font-size\":\"desktop:24px;\",\"line-height\":\"\"}'  style=\"font-family:&#039;Roboto&#039;;font-weight:normal;\">\u0647\u0644 \u0643\u0646\u062a\u0645 \u062a\u0639\u0644\u0645\u0648\u0646 \u061f <\/h3><\/div><!--ult_pricing_heading--><div class=\"ult_price_body_block\" style=\"background:#8bc63e;color:#ffffff;\">\n\t\t\t\t\t\t\t<div class=\"ult_price_body\">\n\t\t\t\t\t\t\t\t<div class=\"ult_price\">\n\t\t\t\t\t\t\t\t\t<div class=\"ult-just-icon-wrapper  \"><div class=\"align-icon\" style=\"text-align:center;\">\n<div class=\"aio-icon circle \"  style=\"color:#8bc63e;background:#ffffff;font-size:40px;display:inline-block;\">\n\t<i class=\"Defaults-question\"><\/i>\n<\/div><\/div><\/div>\n\t\t\t\t\t\t\t\t<\/div>\n\t\t\t\t\t\t\t<\/div>\n\t\t\t\t\t\t<\/div><!--ult_price_body_block--><div id=\"info_table_features_wrap-4427\"  data-ultimate-target='#info_table_features_wrap-4427.ult_price_features'  data-responsive-json-new='{\"font-size\":\"\",\"line-height\":\"\"}'  class=\"ult-responsive ult_price_features\" style=\"font-family:&#039;Roboto&#039;;font-weight:normal;\">\n\t\t\t\t\t\t\t<p style=\"text-align: right;\">\u062a\u0642\u0648\u0644 \u0627\u0644\u0645\u0627\u062f\u0629 14 \u0645\u0646 \u0627\u0644\u0625\u0639\u0644\u0627\u0646 \u0627\u0644\u0639\u0627\u0644\u0645\u064a \u0644\u062d\u0642\u0648\u0642 \u0627\u0644\u0625\u0646\u0633\u0627\u0646 : \u0644\u0643\u0644 \u0641\u0631\u062f \u062d\u0642 \u0627\u0644\u062a\u0645\u0627\u0633 \u0645\u0644\u062c\u0623 \u0641\u064a \u0628\u0644\u062f\u0627\u0646 \u0623\u062e\u0631\u0649 \u0648\u0627\u0644\u062a\u0645\u062a\u0639 \u0628\u0647 \u062e\u0644\u0627\u0635\u0627 \u0645\u0646 \u0627\u0644\u0627\u0636\u0637\u0647\u0627\u062f.<\/p>\n\n\t\t\t\t\t\t<\/div><!--ult_price_features--><div class=\"ult_clr\"><\/div>\n\t\t\t<\/div><!--pricing_table-->\n\t\t<\/div><!--pricing_table_wrap-->[\/vc_column_inner][\/vc_row_inner][\/vc_column][\/vc_row][vc_row bg_type=&#8221;bg_color&#8221; bg_override=&#8221;full&#8221; bg_color_value=&#8221;#e5e5e5&#8243;][vc_column width=&#8221;1\/3&#8243;]<div id=\"ultib3-31001183269f338cd49c66\" class=\" ultb3-box ult-adjust-bottom-margin  \" style=\"background-color: rgba(190,29,44,0.59);\"><img src=\"https:\/\/www.yanyana.biz\/wp-content\/uploads\/2016\/04\/yanyanaanasayfa2.png\" style=\"\" class=\"ultb3-img ultb3-img-center\" alt=\"null\"\/><div id=\"Info-banner-wrap5312\" class=\"ultb3-info ib3-info-center\" data-animation=\"\" data-animation-delay=\"03\"><div class=\"ultb3-title ult-responsive\"  data-ultimate-target='#Info-banner-wrap5312 .ultb3-title'  data-responsive-json-new='{\"font-size\":\"desktop:18px;\",\"line-height\":\"\"}'  style=\"font-family:Roboto;font-weight:normal;color:#383838;\">Yayg\u0131nlas\u0327t\u0131rma ve Savunuculuk Konferans\u0131 Raporu<\/div><div class=\"ultb3-desc ult-responsive\"  data-ultimate-target='#Info-banner-wrap5312 .ultb3-desc'  data-responsive-json-new='{\"font-size\":\"desktop:13px;\",\"line-height\":\"\"}'  style=\"font-family:Roboto;font-weight:normal;color:#383838;\">22 S\u0327ubat 2018'de, Yayg\u0131nlas\u0327t\u0131rma ve Savunuculuk Konferans\u0131na I\u0307l Milli Eg\u0306itim Mu\u0308du\u0308rlu\u0308g\u0306u\u0308, Aile ve Sosyal Politikalar Bakanl\u0131g\u0306\u0131, Go\u0308c\u0327 I\u0307daresi, UNICEF, UNHCR, EU gibi kurumlar\u0131n kat\u0131l\u0131m\u0131, 15 Sivil Toplum Kurulu\u015funun yer ald\u0131\u011f\u0131 STK Hizmet Fuar\u0131 ve 150 dinleyici kat\u0131l\u0131mc\u0131 ile ger\u00e7ekle\u015fmi\u015ftir. <\/div><a href=\"http:\/\/www.yanyana.biz\/wp-content\/uploads\/2018\/06\/Kucuk-YanYanaProjesi-SosyalIcermeCalistayRaporu.compressed.pdf\" target=\" _blank\"  title='Yayg\u0131nlas\u0327t\u0131rma ve Savunuculuk Konferans\u0131' class=\"ultb3-btn ult-responsive\"  data-ultimate-target='#Info-banner-wrap5312 .ultb3-btn'  data-responsive-json-new='{\"font-size\":\"\",\"line-height\":\"\"}'  style=\"font-family:Roboto;font-weight:normal;\">Devam\u0131<i class=\"Defaults-angle-right\"><\/i><\/a><\/div><\/div><style>\n\t\t\t\t\t#ultib3-31001183269f338cd49c66 {\n\t\t\t\t\t\tmin-height:365px;\n\t\t\t\t\t}\n\t\t\t\t\t#ultib3-31001183269f338cd49c66 img.ultb3-img {\n\t\t\t\t\t\theight: px;\n\t\t\t\t\t}\n\t\t\t\t\t#ultib3-31001183269f338cd49c66 .ultb3-btn {\n\t\t\t\t\t\tborder:2px solid #ffffff;border-radius:50px;color:#ffffff;\n\t\t\t\t\t}\n\t\t\t\t\t#ultib3-31001183269f338cd49c66 .ultb3-btn:hover {\n\t\t\t\t\t\tbackground:#ffffff;color:#000000;\n\t\t\t\t\t}\n\t\t\t\t<\/style>[\/vc_column][vc_column width=&#8221;1\/3&#8243; css=&#8221;.vc_custom_1507627432281{margin-top: 35px !important;border-top-width: 1px !important;border-right-width: 1px !important;border-bottom-width: 1px !important;border-left-width: 1px !important;padding-top: 10px !important;background-color: #ffffff !important;border-left-color: #6b6b6b !important;border-left-style: solid !important;border-right-color: #6b6b6b !important;border-right-style: solid !important;border-top-color: #6b6b6b !important;border-top-style: solid !important;border-bottom-color: #6b6b6b !important;border-bottom-style: solid !important;}&#8221; min_height=&#8221;365&#8243;][vc_empty_space height=&#8221;20px&#8221;][vc_custom_heading text=&#8221;\u0634\u0631\u0643\u0627\u0621 \u0627\u0644\u0645\u0634\u0631\u0648\u0639&#8221; font_container=&#8221;tag:h2|font_size:22px|text_align:center&#8221; google_fonts=&#8221;font_family:Roboto%3A100%2C100italic%2C300%2C300italic%2Cregular%2Citalic%2C500%2C500italic%2C700%2C700italic%2C900%2C900italic|font_style:500%20bold%20regular%3A500%3Anormal&#8221;][vc_empty_space height=&#8221;12px&#8221;][vc_separator color=&#8221;black&#8221; style=&#8221;dashed&#8221;][vc_empty_space height=&#8221;42px&#8221;][vc_single_image image=&#8221;15822&#8243; img_size=&#8221;97&#215;73&#8243; alignment=&#8221;center&#8221; onclick=&#8221;custom_link&#8221; img_link_target=&#8221;_blank&#8221; link=&#8221;http:\/\/www.birizdernegi.org\/&#8221;][vc_empty_space height=&#8221;52px&#8221;][vc_row_inner][vc_column_inner width=&#8221;1\/2&#8243;][vc_single_image image=&#8221;15750&#8243; img_size=&#8221;80&#215;80&#8243; alignment=&#8221;center&#8221; onclick=&#8221;custom_link&#8221; img_link_target=&#8221;_blank&#8221; link=&#8221;http:\/\/www.oyunterapileridernegi.org\/&#8221;][\/vc_column_inner][vc_column_inner width=&#8221;1\/2&#8243;][vc_empty_space height=&#8221;10px&#8221;][vc_single_image image=&#8221;15820&#8243; alignment=&#8221;center&#8221; onclick=&#8221;custom_link&#8221; img_link_target=&#8221;_blank&#8221; link=&#8221;http:\/\/www.yuva.org.tr\/&#8221;][\/vc_column_inner][\/vc_row_inner][\/vc_column][vc_column width=&#8221;1\/3&#8243;]<div id=\"ultib3-89871486269f338cd49e51\" class=\" ultb3-box ult-adjust-bottom-margin  \" style=\"\"><div class=\"ultb3-box-overlay\" style=\"background:rgba(0,0,0,0.43);\"><\/div><img src=\"https:\/\/www.yanyana.biz\/wp-content\/uploads\/2016\/04\/anasayfa1.png\" style=\"\" class=\"ultb3-img ultb3-img-center\" alt=\"null\"\/><div id=\"Info-banner-wrap7845\" class=\"ultb3-info ib3-info-center\" data-animation=\"\" data-animation-delay=\"03\"><div class=\"ultb3-title ult-responsive\"  data-ultimate-target='#Info-banner-wrap7845 .ultb3-title'  data-responsive-json-new='{\"font-size\":\"desktop:18px;\",\"line-height\":\"\"}'  style=\"font-family:Roboto;font-weight:normal;color:#ffffff;\">\u0627\u0644\u062a\u0642\u0631\u064a\u0631 \u0627\u0644\u0648\u0635\u0641\u064a (\u0627\u0644\u0625\u062b\u0646\u0648\u063a\u0631\u0627\u0641\u064a)<\/div><div class=\"ultb3-desc ult-responsive\"  data-ultimate-target='#Info-banner-wrap7845 .ultb3-desc'  data-responsive-json-new='{\"font-size\":\"desktop:13px;\",\"line-height\":\"\"}'  style=\"font-family:Roboto;font-weight:normal;color:#ffffff;\">\u0623\u062c\u0631\u064a \u0641\u064a \u0625\u0637\u0627\u0631 \u0627\u0644\u0645\u0634\u0631\u0648\u0639 \u062f\u0631\u0627\u0633\u0629 \u062a\u062d\u0644\u064a\u0644\u064a\u0629 \u0644\u0644\u0627\u062d\u062a\u064a\u0627\u062c\u0627\u062a \u0645\u0628\u0646\u064a\u0629 \u0639\u0644\u0649 \u0623\u0633\u0633 \u0627\u0644\u0628\u062d\u062b \u0627\u0644\u0646\u0648\u0639\u064a \u0648\u0630\u0644\u0643 \u0645\u0646 \u0623\u062c\u0644 \u062a\u062d\u062f\u064a\u062f \u0625\u062d\u062a\u064a\u0627\u062c\u0627\u062a \u0645\u0639\u0644\u0645\u064a\u060c \u0648\u0632\u0645\u0644\u0627\u0621 \u0627\u0644\u0635\u0641 \u0627\u0644\u062f\u0631\u0627\u0633\u064a\u060c \u0648\u0645\u062f\u0631\u0627\u0621 \u0627\u0644\u0645\u062f\u0627\u0631\u0633 \u0641\u064a \u0627\u0644\u0645\u0631\u062d\u0644\u0629 \u0627\u0644\u0625\u0628\u062a\u062f\u0627\u0626\u064a\u0629 \u0644\u0644\u0623\u0637\u0641\u0627\u0644 \u0627\u0644\u0633\u0648\u0631\u064a\u064a\u0646 \u0627\u0644\u0644\u0627\u062c\u0626\u064a\u0646.<\/div><a href=\"http:\/\/www.yanyana.biz\/wp-content\/uploads\/2018\/05\/ETNOGRAFI-RAPORU-small.pdf\" target=\" _blank\"  title='RAPOR' class=\"ultb3-btn ult-responsive\"  data-ultimate-target='#Info-banner-wrap7845 .ultb3-btn'  data-responsive-json-new='{\"font-size\":\"\",\"line-height\":\"\"}'  style=\"font-family:Roboto;font-weight:normal;\">\u0627\u0644\u0645\u0632\u064a\u062f <i class=\"Defaults-angle-right\"><\/i><\/a><\/div><\/div><style>\n\t\t\t\t\t#ultib3-89871486269f338cd49e51 {\n\t\t\t\t\t\tmin-height:365px;\n\t\t\t\t\t}\n\t\t\t\t\t#ultib3-89871486269f338cd49e51 img.ultb3-img {\n\t\t\t\t\t\theight: px;\n\t\t\t\t\t}\n\t\t\t\t\t#ultib3-89871486269f338cd49e51 .ultb3-btn {\n\t\t\t\t\t\tborder:2px solid #ffffff;border-radius:50px;color:#ffffff;\n\t\t\t\t\t}\n\t\t\t\t\t#ultib3-89871486269f338cd49e51 .ultb3-btn:hover {\n\t\t\t\t\t\tbackground:#ffffff;color:#000000;\n\t\t\t\t\t}\n\t\t\t\t<\/style>[\/vc_column][\/vc_row][vc_row bg_type=&#8221;bg_color&#8221; bg_override=&#8221;full&#8221; min_height=&#8221;300px&#8221; bg_color_value=&#8221;#be1d2d&#8221; wpex_bg_position=&#8221;center center&#8221;][vc_column width=&#8221;1\/4&#8243;][vc_empty_space height=&#8221;52px&#8221;]<div class=\"vcex-module vcex-icon clr vcex-icon-normal vcex-icon-float-center remove-dimensions\"><div class=\"vcex-icon-wrap\" style=\"color:#ffffff;\"><span class=\"typcn typcn-home-outline\"><\/span><\/div><\/div><div class=\"vcex-spacing\" style=\"height:10px\"><\/div><div class=\"vcex-module vcex-milestone clr vcex-animated-milestone \"><div class=\"vcex-milestone-number\" style=\"color:#ffffff;\"><span class=\"vcex-milestone-time\" data-start-val=\"0\" data-end-val=\"4000\" data-duration=\"2\" data-decimals=\"0\" data-separator=\",\" data-decimal=\".\">0<\/span><\/div><div class=\"vcex-milestone-caption\" style=\"color:#ffffff;font-size:18px;\">\u0637\u0627\u0644\u0628 \u0645\u0646 \u0627\u0644\u0645\u0631\u062d\u0644\u0629 \u0627\u0644\u0625\u0628\u062a\u062f\u0627\u0626\u064a\u0629 <\/div><\/div>[\/vc_column][vc_column width=&#8221;1\/4&#8243;][vc_empty_space height=&#8221;52px&#8221;]<div class=\"vcex-module vcex-icon clr vcex-icon-normal vcex-icon-float-center remove-dimensions\"><div class=\"vcex-icon-wrap\" style=\"color:#ffffff;\"><span class=\"typcn typcn-user\"><\/span><\/div><\/div><div class=\"vcex-spacing\" style=\"height:10px\"><\/div><div class=\"vcex-module vcex-milestone clr vcex-animated-milestone \"><div class=\"vcex-milestone-number\" style=\"color:#ffffff;\"><span class=\"vcex-milestone-time\" data-start-val=\"0\" data-end-val=\"1200\" data-duration=\"2\" data-decimals=\"0\" data-separator=\",\" data-decimal=\".\">0<\/span><\/div><div class=\"vcex-milestone-caption\" style=\"color:#ffffff;font-size:18px;\">\u0637\u0641\u0644 \u0633\u0648\u0631\u064a <\/div><\/div>[\/vc_column][vc_column width=&#8221;1\/4&#8243;][vc_empty_space height=&#8221;52px&#8221;]<div class=\"vcex-module vcex-icon clr vcex-icon-normal vcex-icon-float-center remove-dimensions\"><div class=\"vcex-icon-wrap\" style=\"color:#ffffff;\"><span class=\"typcn typcn-group\"><\/span><\/div><\/div><div class=\"vcex-spacing\" style=\"height:10px\"><\/div><div class=\"vcex-module vcex-milestone clr vcex-animated-milestone \"><div class=\"vcex-milestone-number\" style=\"color:#ffffff;\"><span class=\"vcex-milestone-time\" data-start-val=\"0\" data-end-val=\"120\" data-duration=\"2\" data-decimals=\"0\" data-separator=\",\" data-decimal=\".\">0<\/span><\/div><div class=\"vcex-milestone-caption\" style=\"color:#ffffff;font-size:18px;\">\u0645\u0639\u0644\u0645 \u0635\u0641 <\/div><\/div>[\/vc_column][vc_column width=&#8221;1\/4&#8243;][vc_empty_space height=&#8221;52px&#8221;]<div class=\"vcex-module vcex-icon clr vcex-icon-normal vcex-icon-float-center remove-dimensions\"><div class=\"vcex-icon-wrap\" style=\"color:#ffffff;\"><span class=\"typcn typcn-messages\"><\/span><\/div><\/div><div class=\"vcex-spacing\" style=\"height:10px\"><\/div><div class=\"vcex-module vcex-milestone clr vcex-animated-milestone \"><div class=\"vcex-milestone-number\" style=\"color:#ffffff;\"><span class=\"vcex-milestone-time\" data-start-val=\"0\" data-end-val=\"60\" data-duration=\"2\" data-decimals=\"0\" data-separator=\",\" data-decimal=\".\">0<\/span><\/div><div class=\"vcex-milestone-caption\" style=\"color:#ffffff;font-size:18px;\">\u0627\u062e\u062a\u0635\u0627\u0635\u064a \u0646\u0641\u0633\u064a <\/div><\/div>[\/vc_column][\/vc_row]\n","protected":false},"excerpt":{"rendered":"<p>[vc_row][vc_column][rev_slider alias=&#8221;arapca-slider&#8221;][vc_empty_space][vc_row_inner][vc_column_inner width=&#8221;2\/3&#8243;][\/vc_column_inner][vc_column_inner width=&#8221;1\/3&#8243;][vc_empty_space height=&#8221;60px&#8221;][\/vc_column_inner][\/vc_row_inner][\/vc_column][\/vc_row][vc_row bg_type=&#8221;bg_color&#8221; bg_override=&#8221;full&#8221; bg_color_value=&#8221;#e5e5e5&#8243;][vc_column width=&#8221;1\/3&#8243;][\/vc_column][vc_column width=&#8221;1\/3&#8243; css=&#8221;.vc_custom_1507627432281{margin-top: 35px !important;border-top-width: 1px !important;border-right-width: 1px !important;border-bottom-width: 1px !important;border-left-width: 1px !important;padding-top: 10px !important;background-color: #ffffff !important;border-left-color: #6b6b6b !important;border-left-style: solid !important;border-right-color: #6b6b6b !important;border-right-style: solid !important;border-top-color: #6b6b6b !important;border-top-style: solid !important;border-bottom-color: #6b6b6b !important;border-bottom-style: solid&hellip;<\/p>\n","protected":false},"author":1,"featured_media":0,"parent":0,"menu_order":0,"comment_status":"closed","ping_status":"closed","template":"","meta":{"footnotes":""},"_links":{"self":[{"href":"https:\/\/www.yanyana.biz\/ar\/wp-json\/wp\/v2\/pages\/16519"}],"collection":[{"href":"https:\/\/www.yanyana.biz\/ar\/wp-json\/wp\/v2\/pages"}],"about":[{"href":"https:\/\/www.yanyana.biz\/ar\/wp-json\/wp\/v2\/types\/page"}],"author":[{"embeddable":true,"href":"https:\/\/www.yanyana.biz\/ar\/wp-json\/wp\/v2\/users\/1"}],"replies":[{"embeddable":true,"href":"https:\/\/www.yanyana.biz\/ar\/wp-json\/wp\/v2\/comments?post=16519"}],"version-history":[{"count":15,"href":"https:\/\/www.yanyana.biz\/ar\/wp-json\/wp\/v2\/pages\/16519\/revisions"}],"predecessor-version":[{"id":16586,"href":"https:\/\/www.yanyana.biz\/ar\/wp-json\/wp\/v2\/pages\/16519\/revisions\/16586"}],"wp:attachment":[{"href":"https:\/\/www.yanyana.biz\/ar\/wp-json\/wp\/v2\/media?parent=16519"}],"curies":[{"name":"wp","href":"https:\/\/api.w.org\/{rel}","templated":true}]}}